{"id":531,"date":"2016-01-20T09:36:28","date_gmt":"2016-01-20T09:36:28","guid":{"rendered":"http:\/\/www.pkipartner.support\/?page_id=531"},"modified":"2016-01-20T09:36:28","modified_gmt":"2016-01-20T09:36:28","slug":"test","status":"publish","type":"page","link":"https:\/\/pkipartner.com\/support\/test\/","title":{"rendered":"TEST"},"content":{"rendered":"<p>\u00c4KJG\u00c4AJKRGAPWEOJGR AWGP<\/p>\n<p>&nbsp;<\/p>\n<p>AROJPRJG<\/p>\n<p>A\u00c4OREJPAOWIEJ<\/p>\n","protected":false},"excerpt":{"rendered":"<p>\u00c4KJG\u00c4AJKRGAPWEOJGR AWGP &nbsp; AROJPRJG A\u00c4OREJPAOWIEJ<\/p>\n<p> <a class=\"continue-reading-link\" href=\"https:\/\/pkipartner.com\/support\/test\/\"><span>Continue reading<\/span><i class=\"crycon-right-dir\"><\/i><\/a> <\/p>\n","protected":false},"author":2,"featured_media":0,"parent":0,"menu_order":0,"comment_status":"closed","ping_status":"closed","template":"","meta":{"footnotes":""},"_links":{"self":[{"href":"https:\/\/pkipartner.com\/support\/wp-json\/wp\/v2\/pages\/531"}],"collection":[{"href":"https:\/\/pkipartner.com\/support\/wp-json\/wp\/v2\/pages"}],"about":[{"href":"https:\/\/pkipartner.com\/support\/wp-json\/wp\/v2\/types\/page"}],"author":[{"embeddable":true,"href":"https:\/\/pkipartner.com\/support\/wp-json\/wp\/v2\/users\/2"}],"replies":[{"embeddable":true,"href":"https:\/\/pkipartner.com\/support\/wp-json\/wp\/v2\/comments?post=531"}],"version-history":[{"count":1,"href":"https:\/\/pkipartner.com\/support\/wp-json\/wp\/v2\/pages\/531\/revisions"}],"predecessor-version":[{"id":532,"href":"https:\/\/pkipartner.com\/support\/wp-json\/wp\/v2\/pages\/531\/revisions\/532"}],"wp:attachment":[{"href":"https:\/\/pkipartner.com\/support\/wp-json\/wp\/v2\/media?parent=531"}],"curies":[{"name":"wp","href":"https:\/\/api.w.org\/{rel}","templated":true}]}}